{"id":5507,"date":"2017-11-08T13:38:16","date_gmt":"2017-11-08T13:38:16","guid":{"rendered":"http:\/\/aalto.edge-themes.com\/?page_id=1006"},"modified":"2026-03-04T11:58:54","modified_gmt":"2026-03-04T10:58:54","slug":"a-propos-julien-reymond-venturi","status":"publish","type":"page","link":"https:\/\/alabonnepeindouille.com\/blog\/a-propos-julien-reymond-venturi\/","title":{"rendered":"A propos"},"content":{"rendered":"[vc_row content_placement=\u00a0\u00bbtop\u00a0\u00bb row_content_width=\u00a0\u00bbgrid\u00a0\u00bb css=\u00a0\u00bb.vc_custom_1612363570071{padding-top: 86px !important;padding-bottom: 85px !important;}\u00a0\u00bb][vc_column offset=\u00a0\u00bbvc_col-lg-4 vc_col-md-12 vc_col-xs-12&Prime;]<div class=\"edgtf-elements-holder   edgtf-one-column  edgtf-responsive-mode-768 \" ><div class=\"edgtf-eh-item    \"  data-item-class=\"edgtf-eh-custom-7014\" data-1024-1280=\"0 0 0 6%\" data-768-1024=\"0px 0% 19px 13%\">\n\t<div class=\"edgtf-eh-item-inner\">\n\t\t<div class=\"edgtf-eh-item-content edgtf-eh-custom-7014\" style=\"padding: 0 0% 0 14%\">\n\t\t\t<div class=\"edgtf-section-title-holder  edgtf-st-standard  edgtf-st-position-left edgtf-appear-fx\" style=\"text-align: left\">\n\t\t<div class=\"edgtf-st-inner\">\n                    <div class=\"edgtf-st-title-holder\">\n                <h2 class=\"edgtf-st-title\" style=\"color: #202020\">\n                    \u00ab A La Bonne Peindouille \u00bb aka Julien REYMOND-VENTURI                <\/h2>\n            <\/div>\n\t\t\t\t\t<\/div>\n    <\/div>\t\t<\/div>\n\t<\/div>\n<\/div><\/div>[\/vc_column][vc_column offset=\u00a0\u00bbvc_col-lg-8 vc_col-md-12 vc_col-xs-12&Prime;]<div class=\"edgtf-elements-holder   edgtf-one-column  edgtf-responsive-mode-768 \" ><div class=\"edgtf-eh-item  edgtf-vertical-alignment-top  \"  data-item-class=\"edgtf-eh-custom-3904\">\n\t<div class=\"edgtf-eh-item-inner\">\n\t\t<div class=\"edgtf-eh-item-content edgtf-eh-custom-3904\" style=\"padding: 0 11% 0 13%\">\n\t\t\t[vc_column_text]\n<h3 class=\"p1\" style=\"text-align: left;\"><i>Passionn\u00e9 par les figurines depuis l\u2019enfance, Julien d\u00e9couvre ce hobby gr\u00e2ce \u00e0 H\u00e9ros Quest, Space Crusade et bien s\u00fbr Warhammer. <\/i><\/h3>\n<h3 class=\"p1\" style=\"text-align: left;\"><i>C&rsquo;est en 2011 qu&rsquo;il d\u00e9cide d\u2019en faire son m\u00e9tier !<\/i><\/h3>\n[\/vc_column_text]\t\t<\/div>\n\t<\/div>\n<\/div><\/div>[\/vc_column][\/vc_row][vc_row row_content_width=\u00a0\u00bbgrid\u00a0\u00bb][vc_column width=\u00a0\u00bb1\/3&Prime;][vc_column_text]\n<p class=\"p1\" style=\"text-align: left;\"><i>Autodidacte accompli, c\u2019est au fil des rencontres, de recherches, de stages et d&rsquo;\u00e9changes qu\u2019il a pu d\u00e9velopper son talent et sa cr\u00e9ativit\u00e9 dans le domaine de la peinture sur figurine, \u00e0 un niveau reconnu internationalement par ses pairs. <\/i><\/p>\n<p class=\"p1\" style=\"text-align: left;\"><i> Son travail s\u2019adresse \u00e0 la part d\u2019enfance que ces petites figurines \u00e9veillent en chacun de nous, il inscrit sa sensibilit\u00e9 dans une d\u00e9marche \u00e0 la crois\u00e9e des arts qu\u2019il affectionne\u00a0: illustration, sculpture, peinture, gravure, musique et art martiaux. <\/i><\/p>\n<p class=\"p1\" style=\"text-align: left;\"><i>Fascin\u00e9 par l\u2019\u00e2me des choses, Julien s\u2019efforce de l\u2019exprimer avec po\u00e9sie et sens de la couleur. <\/i><\/p>\n<p class=\"p1\" style=\"text-align: left;\"><i> Cette passion jamais d\u00e9mentie lui a permis de beaucoup voyager et de rencontrer de nombreux artistes et interlocuteurs de ce milieu. Il est fr\u00e9quemment invit\u00e9 \u00e0 participer \u00e0 des d\u00e9monstrations, il en organise lui-m\u00eame r\u00e9guli\u00e8rement. <\/i><\/p>\n[\/vc_column_text][\/vc_column][vc_column width=\u00a0\u00bb1\/3&Prime;][vc_column_text]\n<p class=\"p1\" style=\"text-align: left;\"><strong><i>Il a travaill\u00e9 avec les diff\u00e9rents acteurs du secteur\u00a0: Figone, Aradia miniatures, Robot Rocket Miniatures, Happy Game Factory, TGCM, la boite de jeu, WISYWI Games, Secret World&#8230; afin de r\u00e9aliser des Box-Art et figurines de d\u00e9monstrations.. <\/i><\/strong><\/p>\n<p class=\"p1\" style=\"text-align: left;\"><i>Il a ainsi d\u00e9velopp\u00e9 de nombreux partenariats\u00a0: Figone, Trollune, Colle 21, RobotRocket miniatures, Redgrassgames, A\u00e9rographediscount, Aradia miniature,, Blacksmith Miniature, TGCM, Abyssoul, Figure Mentors, Figure painter magazine, Feu Figurine Magazine, Kaha Miniatures,Demonic Forge, Happy Games Factory, Golem Miniatures&#8230;<\/i><\/p>\n<p class=\"p1\" style=\"text-align: left;\"><strong><i> Reconnu par son travail dans l\u2019univers de la peinture sur figurine, il \u00e9crit des articles pour la presse sp\u00e9cialis\u00e9e, anglaise ou fran\u00e7aise.<\/i><\/strong><\/p>\n<p class=\"p1\" style=\"text-align: left;\"><i> Il anime des stages depuis 2012 pour des particuliers ou des groupes\u00a0; il est l&rsquo;organisateur et le superviseur de l\u2019\u00e9v\u00e9nement Octo Painting depuis 2014.<\/i><\/p>\n[\/vc_column_text][\/vc_column][vc_column width=\u00a0\u00bb1\/3&Prime;][vc_column_text]\n<p class=\"p1\" style=\"text-align: left;\"><i>En parall\u00e8le, il pratique et enseigne le Taichi-Chuan depuis plus de 10 ans aupr\u00e8s de publics vari\u00e9s (dont un groupe de personnes atteintes de handicaps physique et mental). Cette exp\u00e9rience de l\u2019enseignement ainsi que sa formation en psychologie l\u2019ont aid\u00e9 \u00e0 mettre en place des formations dont la p\u00e9dagogie est adapt\u00e9e \u00e0 chacun.<\/i><\/p>\n<p class=\"p1\" style=\"text-align: left;\"><i> Cherchant sans cesse \u00e0 progresser et \u00e0 se d\u00e9velopper, il ne cesse de d\u00e9velopper sa pratique par de nouvelles exp\u00e9rimentations, des stages ou gr\u00e2ce \u00e0 des ouvrages, et il se forme actuellement \u00e0 la sculpture afin de r\u00e9aliser des cr\u00e9ations enti\u00e8rement personnelles.\u00a0<\/i><\/p>\n<p class=\"p1\" style=\"text-align: left;\"><i> Depuis qu&rsquo;il a d\u00e9cid\u00e9 de pleinement s&rsquo;investir professionnellement dans sa passion en 2011, <strong>Julien a remport\u00e9 de nombreuses distinctions lors de concours internationaux <\/strong>et a \u00e9galement pu participer en tant que juge.<\/i><\/p>\n[\/vc_column_text][\/vc_column][\/vc_row][vc_row row_content_width=\u00a0\u00bbgrid\u00a0\u00bb disable_background_image=\u00a0\u00bb\u00a0\u00bb css=\u00a0\u00bb.vc_custom_1510055829208{padding-top: 40px !important;padding-bottom: 40px !important;}\u00a0\u00bb simple_background_image=\u00a0\u00bb50&Prime;][vc_column]<div class=\"edgtf-info-boxes-outer clearfix  edgtf-ib-four-columns\">\n\t<div class=\"edgtf-info-boxes-inner\">\n    <div class=\"edgtf-info-boxes-holder \">\n        <div class=\"edgtf-ib-inner edgtf-ib-front\" style=\"background-image:url(https:\/\/alabonnepeindouille.com\/blog\/wp-content\/uploads\/2021\/01\/DSC0492-retouche\u0301.jpg)\">\n            <div class=\"edgtf-ib-text-holder\">\n                <div class=\"edgtf-ib-text-inner\">\n\t                \t                \t<h4 class=\"edgtf-ib-title\" style=\"color: #000000;background-color: #ffffff\">\n\t                    \tTengu\t                    <\/h4>\n\t                                <\/div>\n            <\/div>\n        <\/div>\n        <div class=\"edgtf-ib-inner edgtf-ib-back\">\n            <div class=\"edgtf-ib-text-holder\">\n                <div class=\"edgtf-ib-text-inner\">\n\t                \t                \t<h4 class=\"edgtf-ib-title\" style=\"color: #000000\">\n\t                    \tTengu\t                    <\/h4>\n\t                                                    <p class=\"edgtf-ib-text\" style=\"color: #202020;margin-top: 0px\">Figurine de concours - 2019<\/p>\n                                <\/div>\n            <\/div>\n        <\/div>\n    <\/div>\n<\/div><div class=\"edgtf-info-boxes-inner\">\n    <div class=\"edgtf-info-boxes-holder \">\n        <div class=\"edgtf-ib-inner edgtf-ib-front\" style=\"background-image:url(https:\/\/alabonnepeindouille.com\/blog\/wp-content\/uploads\/2021\/01\/Asura-_DSC8733-copie-retouche\u0301.jpg)\">\n            <div class=\"edgtf-ib-text-holder\">\n                <div class=\"edgtf-ib-text-inner\">\n\t                \t                \t<h4 class=\"edgtf-ib-title\" style=\"color: #202020;background-color: #ffffff\">\n\t                    \tAsura\t                    <\/h4>\n\t                                <\/div>\n            <\/div>\n        <\/div>\n        <div class=\"edgtf-ib-inner edgtf-ib-back\">\n            <div class=\"edgtf-ib-text-holder\">\n                <div class=\"edgtf-ib-text-inner\">\n\t                \t                \t<h4 class=\"edgtf-ib-title\" style=\"color: #202020\">\n\t                    \tAsura\t                    <\/h4>\n\t                                                    <p class=\"edgtf-ib-text\" style=\"color: #202020;margin-top: 0px\">Figurine gagnante concours - 2017<\/p>\n                                <\/div>\n            <\/div>\n        <\/div>\n    <\/div>\n<\/div><div class=\"edgtf-info-boxes-inner\">\n    <div class=\"edgtf-info-boxes-holder \">\n        <div class=\"edgtf-ib-inner edgtf-ib-front\" style=\"background-image:url(https:\/\/alabonnepeindouille.com\/blog\/wp-content\/uploads\/2021\/01\/Azrogoth-_DSC9947-copie-retouche\u0301.jpg)\">\n            <div class=\"edgtf-ib-text-holder\">\n                <div class=\"edgtf-ib-text-inner\">\n\t                \t                \t<h4 class=\"edgtf-ib-title\" style=\"color: #202020;background-color: #ffffff\">\n\t                    \tAzrogoth\t                    <\/h4>\n\t                                <\/div>\n            <\/div>\n        <\/div>\n        <div class=\"edgtf-ib-inner edgtf-ib-back\">\n            <div class=\"edgtf-ib-text-holder\">\n                <div class=\"edgtf-ib-text-inner\">\n\t                \t                \t<h4 class=\"edgtf-ib-title\" style=\"color: #202020\">\n\t                    \tAzrogoth\t                    <\/h4>\n\t                                                    <p class=\"edgtf-ib-text\" style=\"color: #202020;margin-top: 0px\">Peinture sur figurine de concours - 2019<\/p>\n                                <\/div>\n            <\/div>\n        <\/div>\n    <\/div>\n<\/div><div class=\"edgtf-info-boxes-inner\">\n    <div class=\"edgtf-info-boxes-holder \">\n        <div class=\"edgtf-ib-inner edgtf-ib-front\" style=\"background-image:url(https:\/\/alabonnepeindouille.com\/blog\/wp-content\/uploads\/2021\/01\/Khaslan-julien-1-retouche\u0301.jpg)\">\n            <div class=\"edgtf-ib-text-holder\">\n                <div class=\"edgtf-ib-text-inner\">\n\t                \t                \t<h4 class=\"edgtf-ib-title\" style=\"color: #202020;background-color: #ffffff\">\n\t                    \tKhaslan\t                    <\/h4>\n\t                                <\/div>\n            <\/div>\n        <\/div>\n        <div class=\"edgtf-ib-inner edgtf-ib-back\">\n            <div class=\"edgtf-ib-text-holder\">\n                <div class=\"edgtf-ib-text-inner\">\n\t                \t                \t<h4 class=\"edgtf-ib-title\" style=\"color: #202020\">\n\t                    \tKhaslan\t                    <\/h4>\n\t                                                    <p class=\"edgtf-ib-text\" style=\"color: #202020;margin-top: 0px\">Peinture sur figurine, niveau boxart - 2020<\/p>\n                                <\/div>\n            <\/div>\n        <\/div>\n    <\/div>\n<\/div><\/div>[\/vc_column][\/vc_row][vc_row row_content_width=\u00a0\u00bbgrid\u00a0\u00bb][vc_column][vc_column_text]\n<h2>CONCOURS &amp; PODIUMS<\/h2>\n[\/vc_column_text][vc_row_inner][vc_column_inner width=\u00a0\u00bb1\/2&Prime;][vc_column_text]2025<\/p>\n<p>&#8211; Squidmar open: Sylver Master Fantastique avec \u00ab\u00a0Sunset after the batlle\u00a0\u00bb<\/p>\n<p>&#8211; <strong>Juge Lugdunum<\/strong><\/p>\n<p>&#8211; <strong>Juge World Mondial Expo<\/strong><\/p>\n<p>&#8211; <strong>Juge SMC<\/strong><\/p>\n<p>-Lugdunum Argent en Master Fantastique avec \u00ab\u00a0Ushoran\u00a0\u00bb et \u00ab\u00a0l&rsquo;orc vert\u00a0\u00bb<\/p>\n<p>-World Mondial Expo Versailles Argent en Master Fantastique avec \u00ab\u00a0Sunset after the batlle\u00a0\u00bb, Or en Master Fantastique wargame \u00ab\u00a0La goule\u00a0\u00bb,<\/p>\n<p>Bronze en en Master Fantastique Open avec \u00ab\u00a0La pr\u00eatresse des loups\u00a0\u00bb, Bronze en Master Historique \u00ab\u00a0Judith\u00a0\u00bb<\/p>\n<p>&#8211; SMC Argent en Master Historique avec \u00ab\u00a0Judith\u00a0\u00bb, Bronze en Master Fantastique avec \u00ab\u00a0Sunset after the batlle\u00a0\u00bb, Bronze en en Master Fantastique Open avec \u00ab\u00a0La pr\u00eatresse des loups\u00a0\u00bb<\/p>\n<p>2024<\/p>\n<p>&#8211; Mpo Bronze Master Fantastique avec \u00ab\u00a0Sunset after the batlle\u00a0\u00bb<\/p>\n<p>&#8211; SMC Eindhoven <strong>Juge Standar Fantastic<br \/>\n<\/strong><\/p>\n<p>&#8211; Golden D\u00e9mon Essen, \u00ab\u00a0Ushoran\u00a0\u00bb Notable, \u00ab\u00a0La goule\u00a0\u00bb Notable<\/p>\n<p>&#8211; <strong>Juge 30h du jeu<\/strong><\/p>\n<p>&#8211; Lugdunum <strong>Best of Show<\/strong> et Or Historique Master avec Judith , Or en Master Fantastique avec \u00ab\u00a0Sunset after the batlle\u00a0\u00bb, et <strong>Juge Fantastique<\/strong><\/p>\n<p>&nbsp;<\/p>\n<p><strong>2023<\/strong><br \/>\n-SMC Eindhoven Or en Master Fantasy &#8211; de 40mm, Bronze Master Fantasy et certificat en Master Historique <span class=\"s1\"><br \/>\n<\/span>-Lugdunum Or en Master Fantastique (Dans les nomin\u00e9s pour le Best Of Show)<span class=\"s1\"><br \/>\n<\/span>-Golden D\u00e9mon Finaliste avec \u00ab\u00a0La goule\u00a0\u00bb<\/p>\n<p style=\"text-align: left;\"><strong>2022<\/strong><br \/>\n-XXII Concours international de Turins Or en Master Fantasy \u00ab The deep one <span class=\"s1\">\u00bb <\/span>et Argent en Master Historique avec <span class=\"s1\">\u00abL&rsquo;esclave Blanche\u00a0\u00bb<br \/>\n<\/span>-World Mondial Expo NH-Eindhoven Bronze en Master Fantastique \u00ab Display <span class=\"s1\">\u00bb et Bronze en Master Historique avec \u00abL&rsquo;esclave Blanche\u00a0\u00bb<br \/>\n-Monte San Savino Bronze Master Fantastique \u00ab\u00a0Seeking Refugee\u00a0\u00bb \u00ab\u00a0Minotaure Allan V1 et V2\u00a0\u00bb<br \/>\n<\/span><\/p>\n<p class=\"p1\" style=\"text-align: left;\"><strong>2020<\/strong><br \/>\n-Lugdunum Argent en Master Fantastique \u00ab Tin-eke\u00bb et Bronze en Master Historique avec <span class=\"s1\">\u00abL&rsquo;esclave Blanche\u00a0\u00bb<\/span><\/p>\n<p class=\"p1\" style=\"text-align: left;\"><strong>2019<\/strong><br \/>\n-SMC Argent en Master Fantastique avec \u00ab Tengu \u00bb et Or en Master Historique \u00abL&rsquo;esclave Blanche \u00bb<br \/>\n-Premi\u00e8re place du concours De Golem Miniatures sur \u00abL&rsquo;esclave Blanche \u00bb<br \/>\n-Lugdunum Juge<br \/>\n-Roselie Bronze Master Fantastique \u00ab Azgoroth \u00bb Boxart pour Secret World<\/p>\n<p class=\"p1\" style=\"text-align: left;\"><strong>2018<\/strong><br \/>\n-SMC Bronze Master Fantastique \u00ab Clown sordide \u00bb (Boxart pour Romain Vanden Bogaert)<br \/>\n-Montrouge Or en Master Fantastique et Bronze en Master Historique \u00ab Asura, Ko-Hana \u00bb et \u00ab Prosper en historique \u00bb<br \/>\n-Lugdunum Or en Master Fantastique \u00ab Asura, Ko-Hana \u00bb<\/p>\n[\/vc_column_text][\/vc_column_inner][vc_column_inner width=\u00a0\u00bb1\/2&Prime;][vc_column_text]<strong>2017<\/strong><br \/>\n<b>-SMC<\/b> Eindhoven Silver en Master Fantastique et un certificat en Master Historique \u00ab\u00a0Asura , Ko-Hana, Gate keeper, Ganesh v.2, Franck et Prosper en historique\u00a0\u00bb<br \/>\n-Chicago <b>World Models Exposition<\/b> Gold en Master painting, \u00ab\u00a0Asura, Indian Demon\u00a0\u00bb .<\/p>\n<p>-Londres \u00ab Salute \u00bb, Silver en Large Scale avec \u00ab Franck Von Ste\u00efn \u00bb<br \/>\n-MontRouge Argent Master Fantastique \u00ab Ganesh V.2 : Fight of Gods \u00bb<br \/>\n-Lugdunum Or en Master Fantastique et <b>Best of Show Fantastique<\/b> \u00ab\u00a0Ganesh and the mouse\u00a0; Ganesh v.2\u00a0; the master of keys\u00a0\u00bb<\/p>\n<p style=\"text-align: left;\"><strong>2016<\/strong><br \/>\n-Lugdunum Bronze Master Fantastique<span class=\"Apple-converted-space\">\u00a0 <\/span>\u00ab\u00a0Nargat\u00a0\u00bb<br \/>\n-Londres \u00ab Salute \u00bb 3eme place finaliste \u00ab Nargat \u00bb<\/p>\n<p class=\"p1\" style=\"text-align: left;\"><strong>2015<\/strong><br \/>\n-Lugdunum Bronze Master Fantastique \u00ab Dysplay \u00bb<br \/>\n-Londres \u00ab Salute <span class=\"s1\">\u00bb :<\/span> 3\u00e8me place en Large Scale avec \u00ab\u00a0Splitting Bones\u00a0\u00bb.<\/p>\n<p class=\"p1\" style=\"text-align: left;\"><strong>2014<\/strong><br \/>\n-FIMAJE d&rsquo;Antibes : M\u00e9daille d&rsquo;Or Master Fantastique avec \u00ab\u00a0Splitting Bones\u00a0\u00bb.<br \/>\n-Fantask Open de Lyon : Or en master et <b>Best of Show Fantastique<\/b> pour \u00ab\u00a0King Toad and Friends\u00a0\u00bb.<br \/>\n<b>-World Model Expo \u00e0 Stresa<\/b> : Argent en Master Fantastique avec \u00ab\u00a0Ha\u00e2n\u00a0\u00bb.<br \/>\n<b>-World Model Expo \u00e0 Stresa<\/b> : Bronze en Open Master avec \u00ab\u00a0King Toad and Friends\u00a0\u00bb.<br \/>\n-Aradia Miniatures contest : 1\u00e8re place avec \u00ab\u00a0King Toad and Friends\u00a0\u00bb.<br \/>\n-Lugdunum : Or en cat\u00e9gorie Master avec H\u00e2an \u00ab\u00a0l&rsquo;hippopotame albinos\u00a0\u00bb.<\/p>\n<p class=\"p1\" style=\"text-align: left;\"><strong>2013<\/strong><br \/>\n-FIMAJE d&rsquo;Antibes : Or en confirm\u00e9 et prix Skull Mini avec le Bugne \u00ab\u00a0Big Brother\u00a0\u00bb.<br \/>\n-Fantask Open : Bronze en confirm\u00e9 avec le Buste de Troll.<br \/>\n-Lugdunum : Argent en confirm\u00e9 avec la \u00ab\u00a0Marche du Barbare\u00a0\u00bb.<\/p>\n<p class=\"p1\" style=\"text-align: left;\"><strong>2012<\/strong><br \/>\n-Master Paint sur 24 <span class=\"s1\">h :<\/span> Or avec Norbit (figurine impos\u00e9e, peinte lors du week end).<br \/>\n-Blagnac : Argent en confirm\u00e9 (\u00ab\u00a0Promenons-nous dans les bois\u00a0\u00bb).<br \/>\n-Blagnac : Bronze pour le Master Paint et Bronze en conversion\/peinture en \u00e9quipe (Jano).<\/p>\n<p class=\"p5\" style=\"text-align: left;\"><strong>2011<\/strong><br \/>\n-Fantask Open de Lyon : Argent en d\u00e9butant (\u00ab\u00a0Dark Vlad\u00a0\u00bb).<\/p>\n[\/vc_column_text][\/vc_column_inner][\/vc_row_inner][\/vc_column][\/vc_row][vc_row row_content_width=\u00a0\u00bbgrid\u00a0\u00bb disable_background_image=\u00a0\u00bb\u00a0\u00bb simple_background_image=\u00a0\u00bb50&Prime; css=\u00a0\u00bb.vc_custom_1509719787347{padding-top: 100px !important;padding-bottom: 100px !important;}\u00a0\u00bb][vc_column]<div class=\"edgtf-clients-carousel-holder edgtf-cc-hover-switch-images\">\n\t<div class=\"edgtf-cc-inner edgtf-owl-slider\" data-number-of-items=\"3\" data-enable-loop=\"no\" data-enable-autoplay=\"no\" data-slider-speed=\"5000\" data-slider-speed-animation=\"600\" data-enable-navigation=\"no\" data-enable-pagination=\"no\">\n\t\t<div class=\"edgtf-cc-item\">\n\t\t\t\t\t\t<img itemprop=\"image\" class=\"edgtf-cc-image\" src=\"https:\/\/i1.wp.com\/alabonnepeindouille.com\/blog\/wp-content\/uploads\/2020\/12\/concours-prix-re\u0301compense-peinture-figurine-best-of-show-lugdunum.jpg?fit=171%2C171&#038;ssl=1\" alt=\"\" \/>\n\t\t\t\t\t\t\t<img itemprop=\"image\" class=\"edgtf-cc-hover-image\" src=\"\" alt=\"\" \/>\n\t\t\t<\/div><div class=\"edgtf-cc-item\">\n\t\t\t\t\t\t<img itemprop=\"image\" class=\"edgtf-cc-image\" src=\"https:\/\/i1.wp.com\/alabonnepeindouille.com\/blog\/wp-content\/uploads\/2020\/12\/concours-prix-re\u0301compense-peinture-figurine-world-model-expo-chicago.jpg?fit=171%2C171&#038;ssl=1\" alt=\"\" \/>\n\t\t\t\t\t\t\t<img itemprop=\"image\" class=\"edgtf-cc-hover-image\" src=\"\" alt=\"\" \/>\n\t\t\t<\/div><div class=\"edgtf-cc-item\">\n\t\t\t\t\t\t<img itemprop=\"image\" class=\"edgtf-cc-image\" src=\"https:\/\/i1.wp.com\/alabonnepeindouille.com\/blog\/wp-content\/uploads\/2020\/12\/concours-prix-re\u0301compense-peinture-figurine-World-model-expo.jpg?fit=171%2C171&#038;ssl=1\" alt=\"\" \/>\n\t\t\t\t\t\t\t<img itemprop=\"image\" class=\"edgtf-cc-hover-image\" src=\"\" alt=\"\" \/>\n\t\t\t<\/div>\t<\/div>\n<\/div>[\/vc_column][\/vc_row][vc_row row_content_width=\u00a0\u00bbgrid\u00a0\u00bb css=\u00a0\u00bb.vc_custom_1511424725946{padding-top: 80px !important;padding-bottom: 69px !important;}\u00a0\u00bb][vc_column][vc_btn title=\u00a0\u00bbVous avez un projet de peinture ? Contactez-moi !\u00a0\u00bb color=\u00a0\u00bbgreen\u00a0\u00bb size=\u00a0\u00bblg\u00a0\u00bb css_animation=\u00a0\u00bbfadeInUp\u00a0\u00bb link=\u00a0\u00bburl:https%3A%2F%2Falabonnepeindouille.com%2Fblog%2Fcontact%2F|title:Contactez-moi\u00a0\u00bb][\/vc_column][\/vc_row]\n","protected":false},"excerpt":{"rendered":"<p>[vc_row content_placement=\u00a0\u00bbtop\u00a0\u00bb row_content_width=\u00a0\u00bbgrid\u00a0\u00bb css=\u00a0\u00bb.vc_custom_1612363570071{padding-top: 86px !important;padding-bottom: 85px !important;}\u00a0\u00bb][vc_column offset=\u00a0\u00bbvc_col-lg-4 vc_col-md-12 vc_col-xs-12&Prime;][\/vc_column][vc_column offset=\u00a0\u00bbvc_col-lg-8 vc_col-md-12 vc_col-xs-12&Prime;][\/vc_column][\/vc_row][vc_row row_content_width=\u00a0\u00bbgrid\u00a0\u00bb][vc_column width=\u00a0\u00bb1\/3&Prime;][vc_column_text] Autodidacte accompli, c\u2019est au fil des rencontres, de recherches, de stages et d&rsquo;\u00e9changes qu\u2019il a pu d\u00e9velopper son talent et sa cr\u00e9ativit\u00e9 dans le domaine de la peinture sur [&hellip;]<\/p>\n","protected":false},"author":1,"featured_media":0,"parent":0,"menu_order":0,"comment_status":"closed","ping_status":"closed","template":"full-width.php","meta":{"spay_email":""},"jetpack_sharing_enabled":true,"jetpack_shortlink":"https:\/\/wp.me\/P5hIme-1qP","jetpack_likes_enabled":true,"_links":{"self":[{"href":"https:\/\/alabonnepeindouille.com\/blog\/wp-json\/wp\/v2\/pages\/5507"}],"collection":[{"href":"https:\/\/alabonnepeindouille.com\/blog\/wp-json\/wp\/v2\/pages"}],"about":[{"href":"https:\/\/alabonnepeindouille.com\/blog\/wp-json\/wp\/v2\/types\/page"}],"author":[{"embeddable":true,"href":"https:\/\/alabonnepeindouille.com\/blog\/wp-json\/wp\/v2\/users\/1"}],"replies":[{"embeddable":true,"href":"https:\/\/alabonnepeindouille.com\/blog\/wp-json\/wp\/v2\/comments?post=5507"}],"version-history":[{"count":17,"href":"https:\/\/alabonnepeindouille.com\/blog\/wp-json\/wp\/v2\/pages\/5507\/revisions"}],"predecessor-version":[{"id":6406,"href":"https:\/\/alabonnepeindouille.com\/blog\/wp-json\/wp\/v2\/pages\/5507\/revisions\/6406"}],"wp:attachment":[{"href":"https:\/\/alabonnepeindouille.com\/blog\/wp-json\/wp\/v2\/media?parent=5507"}],"curies":[{"name":"wp","href":"https:\/\/api.w.org\/{rel}","templated":true}]}}